{"id":116,"date":"2024-03-14T16:03:50","date_gmt":"2024-03-14T15:03:50","guid":{"rendered":"https:\/\/www.mocamonster.it\/test\/?page_id=116"},"modified":"2024-04-29T13:07:13","modified_gmt":"2024-04-29T11:07:13","slug":"academy","status":"publish","type":"page","link":"https:\/\/www.mocamonster.it\/test\/academy\/","title":{"rendered":"Academy"},"content":{"rendered":"<p>[et_pb_section fb_built=&#8221;1&#8243; fullwidth=&#8221;on&#8221; admin_label=&#8221;FOTO GRANDE&#8221; _builder_version=&#8221;4.23.1&#8243; _module_preset=&#8221;default&#8221; locked=&#8221;off&#8221; global_colors_info=&#8221;{}&#8221;][et_pb_fullwidth_header title=&#8221;HARENA ACADEMY: SCOPRI, IMPARA, CREA&#8221; header_scroll_down=&#8221;on&#8221; scroll_down_icon=&#8221;%%7%%&#8221; button_one_text=&#8221;RICHIEDI INFORMAZIONI&#8221; button_one_url=&#8221;https:\/\/api.whatsapp.com\/send?phone=3394288646&#038;text=salve, vorrei informazioni sui corsi dell&#8217;Academy&#8221; _builder_version=&#8221;4.23.1&#8243; _module_preset=&#8221;default&#8221; title_font=&#8221;Montserrat|700||on|||||&#8221; title_text_align=&#8221;left&#8221; title_text_color=&#8221;#f2e6d6&#8243; title_font_size=&#8221;60px&#8221; content_font=&#8221;Abhaya Libre||||||||&#8221; content_text_align=&#8221;left&#8221; content_font_size=&#8221;45px&#8221; background_enable_color=&#8221;off&#8221; background_image=&#8221;https:\/\/www.mocamonster.it\/test\/wp-content\/uploads\/2024\/03\/accademy_harena.jpg&#8221; parallax=&#8221;on&#8221; custom_button_one=&#8221;on&#8221; button_one_bg_color=&#8221;#1e4e3e&#8221; button_one_border_width=&#8221;0px&#8221; button_one_font=&#8221;Montserrat|600||on|||||&#8221; custom_padding=&#8221;9.2%|585px|478px|0px|false|false&#8221; custom_padding_tablet=&#8221;9.2%|585px|478px|0px|false|false&#8221; custom_padding_phone=&#8221;80%|0px|300px|0px|false|false&#8221; custom_padding_last_edited=&#8221;on|phone&#8221; title_font_size_tablet=&#8221;60px&#8221; title_font_size_phone=&#8221;30px&#8221; title_font_size_last_edited=&#8221;on|phone&#8221; content_font_size_tablet=&#8221;45px&#8221; content_font_size_phone=&#8221;25px&#8221; content_font_size_last_edited=&#8221;on|phone&#8221; title_text_shadow_style=&#8221;preset5&#8243; title_text_shadow_horizontal_length=&#8221;0.11em&#8221; title_text_shadow_vertical_length=&#8221;0.01em&#8221; title_text_shadow_blur_strength=&#8221;0.2em&#8221; global_colors_info=&#8221;{}&#8221;]<\/p>\n<p>Dove nascono i maestri della cucina<\/p>\n<p>[\/et_pb_fullwidth_header][\/et_pb_section][et_pb_section fb_built=&#8221;1&#8243; admin_label=&#8221;TXT_HARENA&#8221; _builder_version=&#8221;4.23.1&#8243; _module_preset=&#8221;default&#8221; background_color=&#8221;#f2e6d6&#8243; background_enable_image=&#8221;off&#8221; global_colors_info=&#8221;{}&#8221;][et_pb_row _builder_version=&#8221;4.23.1&#8243; _module_preset=&#8221;default&#8221; global_colors_info=&#8221;{}&#8221;][et_pb_column type=&#8221;4_4&#8243; _builder_version=&#8221;4.23.1&#8243; _module_preset=&#8221;default&#8221; global_colors_info=&#8221;{}&#8221;][et_pb_text _builder_version=&#8221;4.23.1&#8243; _module_preset=&#8221;default&#8221; text_font=&#8221;Montserrat|600|||||||&#8221; text_text_color=&#8221;#1e4e3e&#8221; text_font_size=&#8221;16px&#8221; text_orientation=&#8221;center&#8221; global_colors_info=&#8221;{}&#8221;]<\/p>\n<p>Benvenuti alla Harena Academy, il cuore pulsante della nostra passione per la cucina e l&#8217;arte culinaria. All&#8217;interno del nostro ristorante, offriamo un&#8217;esperienza unica di apprendimento e crescita attraverso corsi di cucina progettati per tutti, dai principianti agli esperti.<\/p>\n<p>Con le nostre 18 postazioni di lavoro completamente attrezzate, fornite di utensili e strumenti di altissima qualit\u00e0, ogni partecipante avr\u00e0 la possibilit\u00e0 di mettere in pratica le proprie abilit\u00e0 culinarie sotto la guida esperta del nostro chef specializzato. Ogni postazione \u00e8 dotata di lavandino e fornello, garantendo un ambiente di lavoro confortevole e funzionale.<\/p>\n<p>&nbsp;<\/p>\n<p>[\/et_pb_text][\/et_pb_column][\/et_pb_row][et_pb_row column_structure=&#8221;1_2,1_2&#8243; use_custom_gutter=&#8221;on&#8221; gutter_width=&#8221;1&#8243; make_equal=&#8221;on&#8221; _builder_version=&#8221;4.23.1&#8243; _module_preset=&#8221;default&#8221; width=&#8221;100%&#8221; max_width=&#8221;2560px&#8221; custom_padding=&#8221;1px||0px|||&#8221; locked=&#8221;off&#8221; global_colors_info=&#8221;{}&#8221;][et_pb_column type=&#8221;1_2&#8243; _builder_version=&#8221;4.23.1&#8243; _module_preset=&#8221;default&#8221; global_colors_info=&#8221;{}&#8221;][et_pb_code _builder_version=&#8221;4.23.1&#8243; _module_preset=&#8221;default&#8221; global_colors_info=&#8221;{}&#8221;]<video autoplay=\"autoplay\" loop=\"loop\" playsinline  muted defaultMuted oncontextmenu=\"return false;\" preload=\"auto\" id=\"myVideo\" ><!-- [et_pb_line_break_holder] --><source src=\"https:\/\/www.mocamonster.it\/test\/wp-content\/uploads\/2024\/03\/we_accademy.mp4\" type=\"video\/mp4\"><!-- [et_pb_line_break_holder] --><\/video>[\/et_pb_code][\/et_pb_column][et_pb_column type=&#8221;1_2&#8243; _builder_version=&#8221;4.23.1&#8243; _module_preset=&#8221;default&#8221; background_color=&#8221;#f2e6d6&#8243; background_image=&#8221;https:\/\/www.mocamonster.it\/test\/wp-content\/uploads\/2024\/03\/sfondo_cantina-min.png&#8221; global_colors_info=&#8221;{}&#8221;][et_pb_cta title=&#8221;H\u0100RENA ACADEMY&#8221; button_url=&#8221;https:\/\/api.whatsapp.com\/send?phone=3394288646&#038;text=salve,%20vorrei%20informazioni%20sui%20corsi%20dell&#8217;Academy&#8221; button_text=&#8221;RICHIEDI INFORMAZIONI&#8221; _builder_version=&#8221;4.23.1&#8243; _module_preset=&#8221;default&#8221; header_font=&#8221;Aboreto|700|||||||&#8221; header_text_align=&#8221;left&#8221; header_text_color=&#8221;#1e4e3e&#8221; header_font_size=&#8221;50px&#8221; body_font=&#8221;Montserrat||||||||&#8221; body_text_align=&#8221;left&#8221; body_text_color=&#8221;#1e4e3e&#8221; body_font_size=&#8221;16px&#8221; body_line_height=&#8221;1.9em&#8221; background_enable_color=&#8221;off&#8221; custom_button=&#8221;on&#8221; button_text_color=&#8221;#1e4e3e&#8221; button_bg_color=&#8221;#f2e6d6&#8243; button_border_width=&#8221;0px&#8221; button_font=&#8221;Montserrat|600||on|||||&#8221; button_alignment=&#8221;left&#8221; custom_margin=&#8221;0px||||false|false&#8221; custom_padding=&#8221;17.9%||17.9%||true|false&#8221; header_font_size_tablet=&#8221;50px&#8221; header_font_size_phone=&#8221;40px&#8221; header_font_size_last_edited=&#8221;on|phone&#8221; locked=&#8221;off&#8221; global_colors_info=&#8221;{}&#8221;]<\/p>\n<p>I nostri corsi coprono una vasta gamma di temi e tecniche culinarie, dalle basi della cucina alle preparazioni pi\u00f9 complesse e raffinate. Grazie alla nostra squadra di professionisti, ogni partecipante avr\u00e0 l&#8217;opportunit\u00e0 di acquisire competenze pratiche e teoriche che lo aiuteranno a diventare un vero maestro della cucina.<\/p>\n<p>Ma la Harena Academy offre pi\u00f9 di una semplice formazione culinaria. Alla fine del corso, i partecipanti avranno anche l&#8217;opportunit\u00e0 di essere considerati per l&#8217;inserimento nel nostro team di lavoro. Crediamo che l&#8217;esperienza pratica sul campo sia fondamentale per consolidare le competenze acquisite e offriamo ai nostri allievi la possibilit\u00e0 di mettere in pratica ci\u00f2 che hanno imparato nella nostra cucina professionale.<\/p>\n<p>[\/et_pb_cta][\/et_pb_column][\/et_pb_row][\/et_pb_section][et_pb_section fb_built=&#8221;1&#8243; _builder_version=&#8221;4.23.1&#8243; _module_preset=&#8221;default&#8221; background_color=&#8221;#f2e6d6&#8243; global_colors_info=&#8221;{}&#8221;][et_pb_row _builder_version=&#8221;4.23.1&#8243; _module_preset=&#8221;default&#8221; global_colors_info=&#8221;{}&#8221;][et_pb_column type=&#8221;4_4&#8243; _builder_version=&#8221;4.23.1&#8243; _module_preset=&#8221;default&#8221; global_colors_info=&#8221;{}&#8221;][et_pb_contact_form email=&#8221;info@harena.it&#8221; _builder_version=&#8221;4.23.1&#8243; _module_preset=&#8221;default&#8221; _unique_id=&#8221;f818c3ae-48e5-4d27-a1ff-9cea05b9a713&#8243; form_field_background_color=&#8221;RGBA(255,255,255,0)&#8221; form_field_text_color=&#8221;#1e4e3e&#8221; form_field_font=&#8221;Montserrat|600|||||||&#8221; form_field_font_size=&#8221;18px&#8221; custom_button=&#8221;on&#8221; button_text_color=&#8221;#1e4e3e&#8221; button_font=&#8221;Montserrat|600|||||||&#8221; border_width_bottom=&#8221;1px&#8221; border_color_bottom=&#8221;#1e4e3e&#8221; global_colors_info=&#8221;{}&#8221;][et_pb_contact_field field_id=&#8221;Name&#8221; field_title=&#8221;Nome&#8221; _builder_version=&#8221;4.16&#8243; global_colors_info=&#8221;{}&#8221; button_text_size__hover_enabled=&#8221;off&#8221; button_one_text_size__hover_enabled=&#8221;off&#8221; button_two_text_size__hover_enabled=&#8221;off&#8221; button_text_color__hover_enabled=&#8221;off&#8221; button_one_text_color__hover_enabled=&#8221;off&#8221; button_two_text_color__hover_enabled=&#8221;off&#8221; button_border_width__hover_enabled=&#8221;off&#8221; button_one_border_width__hover_enabled=&#8221;off&#8221; button_two_border_width__hover_enabled=&#8221;off&#8221; button_border_color__hover_enabled=&#8221;off&#8221; button_one_border_color__hover_enabled=&#8221;off&#8221; button_two_border_color__hover_enabled=&#8221;off&#8221; button_border_radius__hover_enabled=&#8221;off&#8221; button_one_border_radius__hover_enabled=&#8221;off&#8221; button_two_border_radius__hover_enabled=&#8221;off&#8221; button_letter_spacing__hover_enabled=&#8221;off&#8221; button_one_letter_spacing__hover_enabled=&#8221;off&#8221; button_two_letter_spacing__hover_enabled=&#8221;off&#8221; button_bg_color__hover_enabled=&#8221;off&#8221; button_one_bg_color__hover_enabled=&#8221;off&#8221; button_two_bg_color__hover_enabled=&#8221;off&#8221;][\/et_pb_contact_field][et_pb_contact_field field_id=&#8221;Cognome&#8221; field_title=&#8221;Cognome&#8221; _builder_version=&#8221;4.23.1&#8243; global_colors_info=&#8221;{}&#8221; button_text_size__hover_enabled=&#8221;off&#8221; button_one_text_size__hover_enabled=&#8221;off&#8221; button_two_text_size__hover_enabled=&#8221;off&#8221; button_text_color__hover_enabled=&#8221;off&#8221; button_one_text_color__hover_enabled=&#8221;off&#8221; button_two_text_color__hover_enabled=&#8221;off&#8221; button_border_width__hover_enabled=&#8221;off&#8221; button_one_border_width__hover_enabled=&#8221;off&#8221; button_two_border_width__hover_enabled=&#8221;off&#8221; button_border_color__hover_enabled=&#8221;off&#8221; button_one_border_color__hover_enabled=&#8221;off&#8221; button_two_border_color__hover_enabled=&#8221;off&#8221; button_border_radius__hover_enabled=&#8221;off&#8221; button_one_border_radius__hover_enabled=&#8221;off&#8221; button_two_border_radius__hover_enabled=&#8221;off&#8221; button_letter_spacing__hover_enabled=&#8221;off&#8221; button_one_letter_spacing__hover_enabled=&#8221;off&#8221; button_two_letter_spacing__hover_enabled=&#8221;off&#8221; button_bg_color__hover_enabled=&#8221;off&#8221; button_one_bg_color__hover_enabled=&#8221;off&#8221; button_two_bg_color__hover_enabled=&#8221;off&#8221;][\/et_pb_contact_field][et_pb_contact_field field_id=&#8221;telefono&#8221; field_title=&#8221;Telefono&#8221; _builder_version=&#8221;4.23.1&#8243; global_colors_info=&#8221;{}&#8221; button_text_size__hover_enabled=&#8221;off&#8221; button_one_text_size__hover_enabled=&#8221;off&#8221; button_two_text_size__hover_enabled=&#8221;off&#8221; button_text_color__hover_enabled=&#8221;off&#8221; button_one_text_color__hover_enabled=&#8221;off&#8221; button_two_text_color__hover_enabled=&#8221;off&#8221; button_border_width__hover_enabled=&#8221;off&#8221; button_one_border_width__hover_enabled=&#8221;off&#8221; button_two_border_width__hover_enabled=&#8221;off&#8221; button_border_color__hover_enabled=&#8221;off&#8221; button_one_border_color__hover_enabled=&#8221;off&#8221; button_two_border_color__hover_enabled=&#8221;off&#8221; button_border_radius__hover_enabled=&#8221;off&#8221; button_one_border_radius__hover_enabled=&#8221;off&#8221; button_two_border_radius__hover_enabled=&#8221;off&#8221; button_letter_spacing__hover_enabled=&#8221;off&#8221; button_one_letter_spacing__hover_enabled=&#8221;off&#8221; button_two_letter_spacing__hover_enabled=&#8221;off&#8221; button_bg_color__hover_enabled=&#8221;off&#8221; button_one_bg_color__hover_enabled=&#8221;off&#8221; button_two_bg_color__hover_enabled=&#8221;off&#8221;][\/et_pb_contact_field][et_pb_contact_field field_id=&#8221;Email&#8221; field_title=&#8221;Indirizzo e-mail&#8221; field_type=&#8221;email&#8221; _builder_version=&#8221;4.16&#8243; global_colors_info=&#8221;{}&#8221; button_text_size__hover_enabled=&#8221;off&#8221; button_one_text_size__hover_enabled=&#8221;off&#8221; button_two_text_size__hover_enabled=&#8221;off&#8221; button_text_color__hover_enabled=&#8221;off&#8221; button_one_text_color__hover_enabled=&#8221;off&#8221; button_two_text_color__hover_enabled=&#8221;off&#8221; button_border_width__hover_enabled=&#8221;off&#8221; button_one_border_width__hover_enabled=&#8221;off&#8221; button_two_border_width__hover_enabled=&#8221;off&#8221; button_border_color__hover_enabled=&#8221;off&#8221; button_one_border_color__hover_enabled=&#8221;off&#8221; button_two_border_color__hover_enabled=&#8221;off&#8221; button_border_radius__hover_enabled=&#8221;off&#8221; button_one_border_radius__hover_enabled=&#8221;off&#8221; button_two_border_radius__hover_enabled=&#8221;off&#8221; button_letter_spacing__hover_enabled=&#8221;off&#8221; button_one_letter_spacing__hover_enabled=&#8221;off&#8221; button_two_letter_spacing__hover_enabled=&#8221;off&#8221; button_bg_color__hover_enabled=&#8221;off&#8221; button_one_bg_color__hover_enabled=&#8221;off&#8221; button_two_bg_color__hover_enabled=&#8221;off&#8221;][\/et_pb_contact_field][et_pb_contact_field field_id=&#8221;Message&#8221; field_title=&#8221;Messaggio&#8221; field_type=&#8221;text&#8221; fullwidth_field=&#8221;on&#8221; _builder_version=&#8221;4.16&#8243; global_colors_info=&#8221;{}&#8221; button_text_size__hover_enabled=&#8221;off&#8221; button_one_text_size__hover_enabled=&#8221;off&#8221; button_two_text_size__hover_enabled=&#8221;off&#8221; button_text_color__hover_enabled=&#8221;off&#8221; button_one_text_color__hover_enabled=&#8221;off&#8221; button_two_text_color__hover_enabled=&#8221;off&#8221; button_border_width__hover_enabled=&#8221;off&#8221; button_one_border_width__hover_enabled=&#8221;off&#8221; button_two_border_width__hover_enabled=&#8221;off&#8221; button_border_color__hover_enabled=&#8221;off&#8221; button_one_border_color__hover_enabled=&#8221;off&#8221; button_two_border_color__hover_enabled=&#8221;off&#8221; button_border_radius__hover_enabled=&#8221;off&#8221; button_one_border_radius__hover_enabled=&#8221;off&#8221; button_two_border_radius__hover_enabled=&#8221;off&#8221; button_letter_spacing__hover_enabled=&#8221;off&#8221; button_one_letter_spacing__hover_enabled=&#8221;off&#8221; button_two_letter_spacing__hover_enabled=&#8221;off&#8221; button_bg_color__hover_enabled=&#8221;off&#8221; button_one_bg_color__hover_enabled=&#8221;off&#8221; button_two_bg_color__hover_enabled=&#8221;off&#8221;][\/et_pb_contact_field][\/et_pb_contact_form][\/et_pb_column][\/et_pb_row][\/et_pb_section]<\/p>\n","protected":false},"excerpt":{"rendered":"<p>Dove nascono i maestri della cucinaBenvenuti alla Harena Academy, il cuore pulsante della nostra passione per la cucina e l&#8217;arte culinaria. All&#8217;interno del nostro ristorante, offriamo un&#8217;esperienza unica di apprendimento e crescita attraverso corsi di cucina progettati per tutti, dai principianti agli esperti. Con le nostre 18 postazioni di lavoro completamente attrezzate, fornite di utensili e strumenti di altissima qualit\u00e0, ogni partecipante avr\u00e0 la possibilit\u00e0 di mettere in pratica le proprie abilit\u00e0 culinarie sotto la guida esperta del nostro chef specializzato. Ogni postazione \u00e8 dotata di lavandino e fornello, garantendo un ambiente di lavoro confortevole e funzionale. &nbsp;I nostri corsi coprono una vasta gamma di temi e tecniche culinarie, dalle basi della cucina alle preparazioni pi\u00f9 complesse e raffinate. Grazie alla nostra squadra di professionisti, ogni partecipante avr\u00e0 l&#8217;opportunit\u00e0 di acquisire competenze pratiche e teoriche che lo aiuteranno a diventare un vero maestro della cucina. Ma la Harena Academy offre pi\u00f9 di una semplice formazione culinaria. Alla fine del corso, i partecipanti avranno anche l&#8217;opportunit\u00e0 di essere considerati per l&#8217;inserimento nel nostro team di lavoro. Crediamo che l&#8217;esperienza pratica sul campo sia fondamentale per consolidare le competenze acquisite e offriamo ai nostri allievi la possibilit\u00e0 di mettere in pratica ci\u00f2 [&hellip;]<\/p>\n","protected":false},"author":1,"featured_media":0,"parent":0,"menu_order":0,"comment_status":"closed","ping_status":"closed","template":"","meta":{"_et_pb_use_builder":"on","_et_pb_old_content":"","_et_gb_content_width":"","footnotes":""},"class_list":["post-116","page","type-page","status-publish","hentry"],"yoast_head":"<!-- This site is optimized with the Yoast SEO plugin v22.6 - https:\/\/yoast.com\/wordpress\/plugins\/seo\/ -->\n<title>Academy - Harena<\/title>\n<meta name=\"description\" content=\"I nostri corsi coprono una vasta gamma di temi e tecniche culinarie, dalle basi della cucina alle preparazioni pi\u00f9 complesse e raffinate.\" \/>\n<meta name=\"robots\" content=\"noindex, follow, max-snippet:-1, max-image-preview:large, max-video-preview:-1\" \/>\n<meta property=\"og:locale\" content=\"it_IT\" \/>\n<meta property=\"og:type\" content=\"article\" \/>\n<meta property=\"og:title\" content=\"Academy - Harena\" \/>\n<meta property=\"og:description\" content=\"I nostri corsi coprono una vasta gamma di temi e tecniche culinarie, dalle basi della cucina alle preparazioni pi\u00f9 complesse e raffinate.\" \/>\n<meta property=\"og:url\" content=\"https:\/\/www.mocamonster.it\/test\/academy\/\" \/>\n<meta property=\"og:site_name\" content=\"Harena\" \/>\n<meta property=\"article:modified_time\" content=\"2024-04-29T11:07:13+00:00\" \/>\n<meta name=\"twitter:card\" content=\"summary_large_image\" \/>\n<meta name=\"twitter:label1\" content=\"Tempo di lettura stimato\" \/>\n\t<meta name=\"twitter:data1\" content=\"2 minuti\" \/>\n<script type=\"application\/ld+json\" class=\"yoast-schema-graph\">{\"@context\":\"https:\/\/schema.org\",\"@graph\":[{\"@type\":\"WebPage\",\"@id\":\"https:\/\/www.mocamonster.it\/test\/academy\/\",\"url\":\"https:\/\/www.mocamonster.it\/test\/academy\/\",\"name\":\"Academy - Harena\",\"isPartOf\":{\"@id\":\"https:\/\/www.mocamonster.it\/test\/#website\"},\"datePublished\":\"2024-03-14T15:03:50+00:00\",\"dateModified\":\"2024-04-29T11:07:13+00:00\",\"description\":\"I nostri corsi coprono una vasta gamma di temi e tecniche culinarie, dalle basi della cucina alle preparazioni pi\u00f9 complesse e raffinate.\",\"breadcrumb\":{\"@id\":\"https:\/\/www.mocamonster.it\/test\/academy\/#breadcrumb\"},\"inLanguage\":\"it-IT\",\"potentialAction\":[{\"@type\":\"ReadAction\",\"target\":[\"https:\/\/www.mocamonster.it\/test\/academy\/\"]}]},{\"@type\":\"BreadcrumbList\",\"@id\":\"https:\/\/www.mocamonster.it\/test\/academy\/#breadcrumb\",\"itemListElement\":[{\"@type\":\"ListItem\",\"position\":1,\"name\":\"Home\",\"item\":\"https:\/\/www.mocamonster.it\/test\/\"},{\"@type\":\"ListItem\",\"position\":2,\"name\":\"Academy\"}]},{\"@type\":\"WebSite\",\"@id\":\"https:\/\/www.mocamonster.it\/test\/#website\",\"url\":\"https:\/\/www.mocamonster.it\/test\/\",\"name\":\"Harena\",\"description\":\"Un&#039;infinit\u00e0 di sapori\",\"potentialAction\":[{\"@type\":\"SearchAction\",\"target\":{\"@type\":\"EntryPoint\",\"urlTemplate\":\"https:\/\/www.mocamonster.it\/test\/?s={search_term_string}\"},\"query-input\":\"required name=search_term_string\"}],\"inLanguage\":\"it-IT\"}]}<\/script>\n<!-- \/ Yoast SEO plugin. -->","yoast_head_json":{"title":"Academy - Harena","description":"I nostri corsi coprono una vasta gamma di temi e tecniche culinarie, dalle basi della cucina alle preparazioni pi\u00f9 complesse e raffinate.","robots":{"index":"noindex","follow":"follow","max-snippet":"max-snippet:-1","max-image-preview":"max-image-preview:large","max-video-preview":"max-video-preview:-1"},"og_locale":"it_IT","og_type":"article","og_title":"Academy - Harena","og_description":"I nostri corsi coprono una vasta gamma di temi e tecniche culinarie, dalle basi della cucina alle preparazioni pi\u00f9 complesse e raffinate.","og_url":"https:\/\/www.mocamonster.it\/test\/academy\/","og_site_name":"Harena","article_modified_time":"2024-04-29T11:07:13+00:00","twitter_card":"summary_large_image","twitter_misc":{"Tempo di lettura stimato":"2 minuti"},"schema":{"@context":"https:\/\/schema.org","@graph":[{"@type":"WebPage","@id":"https:\/\/www.mocamonster.it\/test\/academy\/","url":"https:\/\/www.mocamonster.it\/test\/academy\/","name":"Academy - Harena","isPartOf":{"@id":"https:\/\/www.mocamonster.it\/test\/#website"},"datePublished":"2024-03-14T15:03:50+00:00","dateModified":"2024-04-29T11:07:13+00:00","description":"I nostri corsi coprono una vasta gamma di temi e tecniche culinarie, dalle basi della cucina alle preparazioni pi\u00f9 complesse e raffinate.","breadcrumb":{"@id":"https:\/\/www.mocamonster.it\/test\/academy\/#breadcrumb"},"inLanguage":"it-IT","potentialAction":[{"@type":"ReadAction","target":["https:\/\/www.mocamonster.it\/test\/academy\/"]}]},{"@type":"BreadcrumbList","@id":"https:\/\/www.mocamonster.it\/test\/academy\/#breadcrumb","itemListElement":[{"@type":"ListItem","position":1,"name":"Home","item":"https:\/\/www.mocamonster.it\/test\/"},{"@type":"ListItem","position":2,"name":"Academy"}]},{"@type":"WebSite","@id":"https:\/\/www.mocamonster.it\/test\/#website","url":"https:\/\/www.mocamonster.it\/test\/","name":"Harena","description":"Un&#039;infinit\u00e0 di sapori","potentialAction":[{"@type":"SearchAction","target":{"@type":"EntryPoint","urlTemplate":"https:\/\/www.mocamonster.it\/test\/?s={search_term_string}"},"query-input":"required name=search_term_string"}],"inLanguage":"it-IT"}]}},"_links":{"self":[{"href":"https:\/\/www.mocamonster.it\/test\/wp-json\/wp\/v2\/pages\/116","targetHints":{"allow":["GET"]}}],"collection":[{"href":"https:\/\/www.mocamonster.it\/test\/wp-json\/wp\/v2\/pages"}],"about":[{"href":"https:\/\/www.mocamonster.it\/test\/wp-json\/wp\/v2\/types\/page"}],"author":[{"embeddable":true,"href":"https:\/\/www.mocamonster.it\/test\/wp-json\/wp\/v2\/users\/1"}],"replies":[{"embeddable":true,"href":"https:\/\/www.mocamonster.it\/test\/wp-json\/wp\/v2\/comments?post=116"}],"version-history":[{"count":29,"href":"https:\/\/www.mocamonster.it\/test\/wp-json\/wp\/v2\/pages\/116\/revisions"}],"predecessor-version":[{"id":541,"href":"https:\/\/www.mocamonster.it\/test\/wp-json\/wp\/v2\/pages\/116\/revisions\/541"}],"wp:attachment":[{"href":"https:\/\/www.mocamonster.it\/test\/wp-json\/wp\/v2\/media?parent=116"}],"curies":[{"name":"wp","href":"https:\/\/api.w.org\/{rel}","templated":true}]}}