{"id":203,"date":"2024-03-19T09:32:35","date_gmt":"2024-03-19T08:32:35","guid":{"rendered":"https:\/\/www.mocamonster.it\/test\/?page_id=203"},"modified":"2024-04-29T13:15:58","modified_gmt":"2024-04-29T11:15:58","slug":"la-cantina","status":"publish","type":"page","link":"https:\/\/www.mocamonster.it\/test\/la-cantina\/","title":{"rendered":"La cantina"},"content":{"rendered":"<p>[et_pb_section fb_built=&#8221;1&#8243; fullwidth=&#8221;on&#8221; admin_label=&#8221;FOTO GRANDE&#8221; _builder_version=&#8221;4.23.1&#8243; _module_preset=&#8221;default&#8221; background_color=&#8221;#f2e6d6&#8243; locked=&#8221;off&#8221; global_colors_info=&#8221;{}&#8221;][et_pb_fullwidth_header title=&#8221;lA NOSTRA CANTINA,  IL NOSTRO SEGRETO ENOLOGICO&#8221; header_scroll_down=&#8221;on&#8221; scroll_down_icon=&#8221;%%4%%&#8221; scroll_down_icon_color=&#8221;#FFFFFF&#8221; button_one_text=&#8221;prenota un tavolo&#8221; button_one_url=&#8221;https:\/\/api.whatsapp.com\/send?phone=3394288646&#038;text=salve,%20vorrei%20regalare%20una%20bottiglia&#8221; _builder_version=&#8221;4.23.1&#8243; _module_preset=&#8221;default&#8221; title_font=&#8221;Montserrat|700||on|||||&#8221; title_text_align=&#8221;left&#8221; title_text_color=&#8221;#f2e6d6&#8243; title_font_size=&#8221;60px&#8221; content_font=&#8221;Abhaya Libre||||||||&#8221; content_text_align=&#8221;left&#8221; content_font_size=&#8221;45px&#8221; background_enable_color=&#8221;off&#8221; background_image=&#8221;https:\/\/www.mocamonster.it\/test\/wp-content\/uploads\/2024\/03\/ristorante_harena_cantina.jpg&#8221; parallax=&#8221;on&#8221; custom_button_one=&#8221;on&#8221; button_one_bg_color=&#8221;#1e4e3e&#8221; button_one_border_width=&#8221;0px&#8221; button_one_font=&#8221;Montserrat|600||on|||||&#8221; custom_padding=&#8221;11.9%|585px|478px|0px|false|false&#8221; custom_padding_tablet=&#8221;11.9%|585px|478px|0px|false|false&#8221; custom_padding_phone=&#8221;80%|0px|300px|0px|false|false&#8221; custom_padding_last_edited=&#8221;on|phone&#8221; link_option_url_new_window=&#8221;on&#8221; title_font_size_tablet=&#8221;60px&#8221; title_font_size_phone=&#8221;30px&#8221; title_font_size_last_edited=&#8221;on|phone&#8221; content_font_size_tablet=&#8221;45px&#8221; content_font_size_phone=&#8221;25px&#8221; content_font_size_last_edited=&#8221;on|phone&#8221; title_text_shadow_style=&#8221;preset5&#8243; title_text_shadow_horizontal_length=&#8221;0.06em&#8221; title_text_shadow_blur_strength=&#8221;0.05em&#8221; content_text_shadow_style=&#8221;preset5&#8243; content_text_shadow_blur_strength=&#8221;0.05em&#8221; global_colors_info=&#8221;{}&#8221;]<\/p>\n<p>Ogni sorso, un viaggio di gusto!<\/p>\n<p>[\/et_pb_fullwidth_header][\/et_pb_section][et_pb_section fb_built=&#8221;1&#8243; _builder_version=&#8221;4.23.1&#8243; _module_preset=&#8221;default&#8221; custom_margin=&#8221;-23px|||||&#8221; custom_padding=&#8221;0px||0px|||&#8221; global_colors_info=&#8221;{}&#8221;][et_pb_row column_structure=&#8221;1_2,1_2&#8243; use_custom_gutter=&#8221;on&#8221; gutter_width=&#8221;1&#8243; make_equal=&#8221;on&#8221; _builder_version=&#8221;4.23.1&#8243; _module_preset=&#8221;default&#8221; width=&#8221;100%&#8221; max_width=&#8221;2560px&#8221; custom_margin=&#8221;22px||-25px||false|false&#8221; custom_padding=&#8221;0px||0px||false|false&#8221; global_colors_info=&#8221;{}&#8221;][et_pb_column type=&#8221;1_2&#8243; _builder_version=&#8221;4.23.1&#8243; _module_preset=&#8221;default&#8221; background_color=&#8221;#f2e6d6&#8243; global_colors_info=&#8221;{}&#8221;][et_pb_code admin_label=&#8221;codice video&#8221; _builder_version=&#8221;4.23.1&#8243; _module_preset=&#8221;default&#8221; global_colors_info=&#8221;{}&#8221;]<video autoplay=\"autoplay\" loop=\"loop\" playsinline  muted defaultMuted oncontextmenu=\"return false;\" preload=\"auto\" id=\"myVideo\" ><!-- [et_pb_line_break_holder] --><source src=\"https:\/\/www.mocamonster.it\/test\/wp-content\/uploads\/2024\/03\/we_cantina.mp4\" type=\"video\/mp4\"><!-- [et_pb_line_break_holder] --><\/video>[\/et_pb_code][\/et_pb_column][et_pb_column type=&#8221;1_2&#8243; _builder_version=&#8221;4.23.1&#8243; _module_preset=&#8221;default&#8221; background_color=&#8221;#f2e6d6&#8243; background_enable_image=&#8221;off&#8221; global_colors_info=&#8221;{}&#8221;][et_pb_cta title=&#8221;la c\u0100ntina&#8221; button_url=&#8221;@ET-DC@eyJkeW5hbWljIjp0cnVlLCJjb250ZW50IjoicG9zdF9saW5rX3VybF9wYWdlIiwic2V0dGluZ3MiOnsicG9zdF9pZCI6IjU0In19@&#8221; button_text=&#8221;CONSULTA LA WINE LIST&#8221; _builder_version=&#8221;4.23.1&#8243; _dynamic_attributes=&#8221;button_url&#8221; _module_preset=&#8221;default&#8221; header_font=&#8221;Aboreto|700|||||||&#8221; header_text_color=&#8221;#1e4e3e&#8221; header_font_size=&#8221;50px&#8221; body_font=&#8221;Montserrat||||||||&#8221; body_text_color=&#8221;#1e4e3e&#8221; body_font_size=&#8221;16px&#8221; body_line_height=&#8221;1.9em&#8221; background_enable_color=&#8221;off&#8221; custom_button=&#8221;on&#8221; button_text_color=&#8221;#1e4e3e&#8221; button_bg_color=&#8221;#f2e6d6&#8243; button_border_width=&#8221;0px&#8221; button_font=&#8221;Montserrat|600||on|||||&#8221; custom_margin=&#8221;0px||||false|false&#8221; custom_padding=&#8221;17.9%||17.9%||true|false&#8221; header_font_size_tablet=&#8221;50px&#8221; header_font_size_phone=&#8221;40px&#8221; header_font_size_last_edited=&#8221;on|phone&#8221; locked=&#8221;off&#8221; global_colors_info=&#8221;{}&#8221;]<\/p>\n<p>Benvenuti nella nostra cantina, un luogo dove il vino diventa un&#8217;esperienza e ogni bottiglia racconta una storia. Dalla tradizione italiana alle rinomate etichette internazionali, la nostra cantina offre una variet\u00e0 di vini che soddisfer\u00e0 anche i palati pi\u00f9 esigenti. Ogni bottiglia \u00e8 stata scelta con cura per offrire un&#8217;esperienza enologica indimenticabile, ricca di aromi e sapori unici.<\/p>\n<p>&nbsp;<\/p>\n<p>[\/et_pb_cta][\/et_pb_column][\/et_pb_row][et_pb_row column_structure=&#8221;1_2,1_2&#8243; use_custom_gutter=&#8221;on&#8221; gutter_width=&#8221;1&#8243; make_equal=&#8221;on&#8221; _builder_version=&#8221;4.23.1&#8243; _module_preset=&#8221;default&#8221; width=&#8221;100%&#8221; max_width=&#8221;2560px&#8221; custom_padding=&#8221;1px||0px|||&#8221; global_colors_info=&#8221;{}&#8221;][et_pb_column type=&#8221;1_2&#8243; _builder_version=&#8221;4.23.1&#8243; _module_preset=&#8221;default&#8221; background_color=&#8221;#f2e6d6&#8243; background_enable_image=&#8221;off&#8221; global_colors_info=&#8221;{}&#8221;][et_pb_cta title=&#8221;reg\u0100la una bottiglia&#8221; button_url=&#8221;https:\/\/api.whatsapp.com\/send?phone=3394288646&#038;text=salve,%20vorrei%20regalare%20una%20bottiglia&#8221; button_text=&#8221;RICHIEDI IL TUO REGALO&#8221; _builder_version=&#8221;4.23.1&#8243; _module_preset=&#8221;default&#8221; header_font=&#8221;Aboreto|700|||||||&#8221; header_text_color=&#8221;#1e4e3e&#8221; header_font_size=&#8221;50px&#8221; body_font=&#8221;Montserrat||||||||&#8221; body_text_color=&#8221;#1e4e3e&#8221; body_font_size=&#8221;16px&#8221; body_line_height=&#8221;1.9em&#8221; background_enable_color=&#8221;off&#8221; custom_button=&#8221;on&#8221; button_text_color=&#8221;#1e4e3e&#8221; button_bg_color=&#8221;#f2e6d6&#8243; button_border_width=&#8221;0px&#8221; button_font=&#8221;Montserrat|600||on|||||&#8221; custom_margin=&#8221;-5px||||false|false&#8221; custom_padding=&#8221;17.9%||17.9%||true|false&#8221; link_option_url_new_window=&#8221;on&#8221; header_font_size_tablet=&#8221;50px&#8221; header_font_size_phone=&#8221;40px&#8221; header_font_size_last_edited=&#8221;on|phone&#8221; locked=&#8221;off&#8221; global_colors_info=&#8221;{}&#8221;]<\/p>\n<p>Presso la nostra cantina, non solo puoi degustare i migliori vini, ma hai anche la possibilit\u00e0 di acquistare una bottiglia per fare un regalo speciale a una persona cara. Che sia per celebrare un&#8217;occasione speciale o semplicemente per mostrare il tuo apprezzamento, un vino selezionato con cura sar\u00e0 sempre un dono ben accetto.<\/p>\n<p>[\/et_pb_cta][\/et_pb_column][et_pb_column type=&#8221;1_2&#8243; _builder_version=&#8221;4.23.1&#8243; _module_preset=&#8221;default&#8221; background_color=&#8221;#f2e6d6&#8243; global_colors_info=&#8221;{}&#8221;][et_pb_image src=&#8221;https:\/\/www.mocamonster.it\/test\/wp-content\/uploads\/2024\/03\/cantina.jpg&#8221; title_text=&#8221;cantina&#8221; _builder_version=&#8221;4.23.1&#8243; _module_preset=&#8221;default&#8221; global_colors_info=&#8221;{}&#8221;][\/et_pb_image][\/et_pb_column][\/et_pb_row][\/et_pb_section]<\/p>\n","protected":false},"excerpt":{"rendered":"<p>Ogni sorso, un viaggio di gusto!Benvenuti nella nostra cantina, un luogo dove il vino diventa un&#8217;esperienza e ogni bottiglia racconta una storia. Dalla tradizione italiana alle rinomate etichette internazionali, la nostra cantina offre una variet\u00e0 di vini che soddisfer\u00e0 anche i palati pi\u00f9 esigenti. Ogni bottiglia \u00e8 stata scelta con cura per offrire un&#8217;esperienza enologica indimenticabile, ricca di aromi e sapori unici. &nbsp;Presso la nostra cantina, non solo puoi degustare i migliori vini, ma hai anche la possibilit\u00e0 di acquistare una bottiglia per fare un regalo speciale a una persona cara. Che sia per celebrare un&#8217;occasione speciale o semplicemente per mostrare il tuo apprezzamento, un vino selezionato con cura sar\u00e0 sempre un dono ben accetto.<\/p>\n","protected":false},"author":1,"featured_media":0,"parent":0,"menu_order":0,"comment_status":"closed","ping_status":"closed","template":"","meta":{"_et_pb_use_builder":"on","_et_pb_old_content":"","_et_gb_content_width":"","footnotes":""},"class_list":["post-203","page","type-page","status-publish","hentry"],"yoast_head":"<!-- This site is optimized with the Yoast SEO plugin v22.6 - https:\/\/yoast.com\/wordpress\/plugins\/seo\/ -->\n<title>La cantina - Harena<\/title>\n<meta name=\"description\" content=\"Benvenuti nella nostra cantina, un luogo dove il vino diventa un\u2019esperienza e ogni bottiglia racconta una storia.\" \/>\n<meta name=\"robots\" content=\"noindex, follow, max-snippet:-1, max-image-preview:large, max-video-preview:-1\" \/>\n<meta property=\"og:locale\" content=\"it_IT\" \/>\n<meta property=\"og:type\" content=\"article\" \/>\n<meta property=\"og:title\" content=\"La cantina - Harena\" \/>\n<meta property=\"og:description\" content=\"Benvenuti nella nostra cantina, un luogo dove il vino diventa un\u2019esperienza e ogni bottiglia racconta una storia.\" \/>\n<meta property=\"og:url\" content=\"https:\/\/www.mocamonster.it\/test\/la-cantina\/\" \/>\n<meta property=\"og:site_name\" content=\"Harena\" \/>\n<meta property=\"article:modified_time\" content=\"2024-04-29T11:15:58+00:00\" \/>\n<meta name=\"twitter:card\" content=\"summary_large_image\" \/>\n<meta name=\"twitter:label1\" content=\"Tempo di lettura stimato\" \/>\n\t<meta name=\"twitter:data1\" content=\"1 minuto\" \/>\n<script type=\"application\/ld+json\" class=\"yoast-schema-graph\">{\"@context\":\"https:\/\/schema.org\",\"@graph\":[{\"@type\":\"WebPage\",\"@id\":\"https:\/\/www.mocamonster.it\/test\/la-cantina\/\",\"url\":\"https:\/\/www.mocamonster.it\/test\/la-cantina\/\",\"name\":\"La cantina - Harena\",\"isPartOf\":{\"@id\":\"https:\/\/www.mocamonster.it\/test\/#website\"},\"datePublished\":\"2024-03-19T08:32:35+00:00\",\"dateModified\":\"2024-04-29T11:15:58+00:00\",\"description\":\"Benvenuti nella nostra cantina, un luogo dove il vino diventa un\u2019esperienza e ogni bottiglia racconta una storia.\",\"breadcrumb\":{\"@id\":\"https:\/\/www.mocamonster.it\/test\/la-cantina\/#breadcrumb\"},\"inLanguage\":\"it-IT\",\"potentialAction\":[{\"@type\":\"ReadAction\",\"target\":[\"https:\/\/www.mocamonster.it\/test\/la-cantina\/\"]}]},{\"@type\":\"BreadcrumbList\",\"@id\":\"https:\/\/www.mocamonster.it\/test\/la-cantina\/#breadcrumb\",\"itemListElement\":[{\"@type\":\"ListItem\",\"position\":1,\"name\":\"Home\",\"item\":\"https:\/\/www.mocamonster.it\/test\/\"},{\"@type\":\"ListItem\",\"position\":2,\"name\":\"La cantina\"}]},{\"@type\":\"WebSite\",\"@id\":\"https:\/\/www.mocamonster.it\/test\/#website\",\"url\":\"https:\/\/www.mocamonster.it\/test\/\",\"name\":\"Harena\",\"description\":\"Un&#039;infinit\u00e0 di sapori\",\"potentialAction\":[{\"@type\":\"SearchAction\",\"target\":{\"@type\":\"EntryPoint\",\"urlTemplate\":\"https:\/\/www.mocamonster.it\/test\/?s={search_term_string}\"},\"query-input\":\"required name=search_term_string\"}],\"inLanguage\":\"it-IT\"}]}<\/script>\n<!-- \/ Yoast SEO plugin. -->","yoast_head_json":{"title":"La cantina - Harena","description":"Benvenuti nella nostra cantina, un luogo dove il vino diventa un\u2019esperienza e ogni bottiglia racconta una storia.","robots":{"index":"noindex","follow":"follow","max-snippet":"max-snippet:-1","max-image-preview":"max-image-preview:large","max-video-preview":"max-video-preview:-1"},"og_locale":"it_IT","og_type":"article","og_title":"La cantina - Harena","og_description":"Benvenuti nella nostra cantina, un luogo dove il vino diventa un\u2019esperienza e ogni bottiglia racconta una storia.","og_url":"https:\/\/www.mocamonster.it\/test\/la-cantina\/","og_site_name":"Harena","article_modified_time":"2024-04-29T11:15:58+00:00","twitter_card":"summary_large_image","twitter_misc":{"Tempo di lettura stimato":"1 minuto"},"schema":{"@context":"https:\/\/schema.org","@graph":[{"@type":"WebPage","@id":"https:\/\/www.mocamonster.it\/test\/la-cantina\/","url":"https:\/\/www.mocamonster.it\/test\/la-cantina\/","name":"La cantina - Harena","isPartOf":{"@id":"https:\/\/www.mocamonster.it\/test\/#website"},"datePublished":"2024-03-19T08:32:35+00:00","dateModified":"2024-04-29T11:15:58+00:00","description":"Benvenuti nella nostra cantina, un luogo dove il vino diventa un\u2019esperienza e ogni bottiglia racconta una storia.","breadcrumb":{"@id":"https:\/\/www.mocamonster.it\/test\/la-cantina\/#breadcrumb"},"inLanguage":"it-IT","potentialAction":[{"@type":"ReadAction","target":["https:\/\/www.mocamonster.it\/test\/la-cantina\/"]}]},{"@type":"BreadcrumbList","@id":"https:\/\/www.mocamonster.it\/test\/la-cantina\/#breadcrumb","itemListElement":[{"@type":"ListItem","position":1,"name":"Home","item":"https:\/\/www.mocamonster.it\/test\/"},{"@type":"ListItem","position":2,"name":"La cantina"}]},{"@type":"WebSite","@id":"https:\/\/www.mocamonster.it\/test\/#website","url":"https:\/\/www.mocamonster.it\/test\/","name":"Harena","description":"Un&#039;infinit\u00e0 di sapori","potentialAction":[{"@type":"SearchAction","target":{"@type":"EntryPoint","urlTemplate":"https:\/\/www.mocamonster.it\/test\/?s={search_term_string}"},"query-input":"required name=search_term_string"}],"inLanguage":"it-IT"}]}},"_links":{"self":[{"href":"https:\/\/www.mocamonster.it\/test\/wp-json\/wp\/v2\/pages\/203","targetHints":{"allow":["GET"]}}],"collection":[{"href":"https:\/\/www.mocamonster.it\/test\/wp-json\/wp\/v2\/pages"}],"about":[{"href":"https:\/\/www.mocamonster.it\/test\/wp-json\/wp\/v2\/types\/page"}],"author":[{"embeddable":true,"href":"https:\/\/www.mocamonster.it\/test\/wp-json\/wp\/v2\/users\/1"}],"replies":[{"embeddable":true,"href":"https:\/\/www.mocamonster.it\/test\/wp-json\/wp\/v2\/comments?post=203"}],"version-history":[{"count":27,"href":"https:\/\/www.mocamonster.it\/test\/wp-json\/wp\/v2\/pages\/203\/revisions"}],"predecessor-version":[{"id":543,"href":"https:\/\/www.mocamonster.it\/test\/wp-json\/wp\/v2\/pages\/203\/revisions\/543"}],"wp:attachment":[{"href":"https:\/\/www.mocamonster.it\/test\/wp-json\/wp\/v2\/media?parent=203"}],"curies":[{"name":"wp","href":"https:\/\/api.w.org\/{rel}","templated":true}]}}