{"id":54,"date":"2024-03-11T10:11:41","date_gmt":"2024-03-11T09:11:41","guid":{"rendered":"https:\/\/www.mocamonster.it\/test\/?page_id=54"},"modified":"2024-04-29T12:43:25","modified_gmt":"2024-04-29T10:43:25","slug":"ristorante","status":"publish","type":"page","link":"https:\/\/www.mocamonster.it\/test\/ristorante\/","title":{"rendered":"ristorante"},"content":{"rendered":"<p>[et_pb_section fb_built=&#8221;1&#8243; fullwidth=&#8221;on&#8221; admin_label=&#8221;FOTO GRANDE&#8221; _builder_version=&#8221;4.23.1&#8243; _module_preset=&#8221;default&#8221; locked=&#8221;off&#8221; global_colors_info=&#8221;{}&#8221;][et_pb_fullwidth_header title=&#8221;PALCOSCENICO DELLA CUCINA DI ALTA QUALIT\u00c0&#8221; header_scroll_down=&#8221;on&#8221; scroll_down_icon=&#8221;%%4%%&#8221; scroll_down_icon_color=&#8221;#FFFFFF&#8221; button_one_text=&#8221;prenota un tavolo&#8221; button_one_url=&#8221;https:\/\/api.whatsapp.com\/send?phone=3394288646&#038;text=salve, vorrei prenotare un tavolo&#8221; _builder_version=&#8221;4.23.1&#8243; _module_preset=&#8221;default&#8221; title_font=&#8221;Montserrat|700||on|||||&#8221; title_text_align=&#8221;left&#8221; title_text_color=&#8221;#f2e6d6&#8243; title_font_size=&#8221;60px&#8221; content_font=&#8221;Abhaya Libre||||||||&#8221; content_text_align=&#8221;left&#8221; content_font_size=&#8221;45px&#8221; background_enable_color=&#8221;off&#8221; background_image=&#8221;https:\/\/www.mocamonster.it\/test\/wp-content\/uploads\/2024\/03\/ristorante_harena_sanbenedetto.jpg&#8221; parallax=&#8221;on&#8221; custom_button_one=&#8221;on&#8221; button_one_bg_color=&#8221;#1e4e3e&#8221; button_one_border_width=&#8221;0px&#8221; button_one_font=&#8221;Montserrat|600||on|||||&#8221; custom_padding=&#8221;16.7%|585px|478px|0px|false|false&#8221; custom_padding_tablet=&#8221;16.7%|585px|478px|0px|false|false&#8221; custom_padding_phone=&#8221;85%|0px|300px|0px|false|false&#8221; custom_padding_last_edited=&#8221;on|phone&#8221; link_option_url_new_window=&#8221;on&#8221; title_font_size_tablet=&#8221;60px&#8221; title_font_size_phone=&#8221;30px&#8221; title_font_size_last_edited=&#8221;on|phone&#8221; content_font_size_tablet=&#8221;45px&#8221; content_font_size_phone=&#8221;25px&#8221; content_font_size_last_edited=&#8221;on|phone&#8221; title_text_shadow_style=&#8221;preset5&#8243; title_text_shadow_horizontal_length=&#8221;0.03em&#8221; title_text_shadow_vertical_length=&#8221;0.07em&#8221; title_text_shadow_blur_strength=&#8221;0.05em&#8221; title_text_shadow_color=&#8221;#000000&#8243; content_text_shadow_style=&#8221;preset5&#8243; content_text_shadow_horizontal_length=&#8221;0.05em&#8221; content_text_shadow_vertical_length=&#8221;0.03em&#8221; content_text_shadow_blur_strength=&#8221;0.03em&#8221; content_text_shadow_color=&#8221;#000000&#8243; global_colors_info=&#8221;{}&#8221;]<\/p>\n<p>Ogni piatto \u00e8 un&#8217;esperienza unica!<\/p>\n<p>[\/et_pb_fullwidth_header][\/et_pb_section][et_pb_section fb_built=&#8221;1&#8243; admin_label=&#8221;TXT_HARENA&#8221; _builder_version=&#8221;4.23.1&#8243; _module_preset=&#8221;default&#8221; background_color=&#8221;#f2e6d6&#8243; background_image=&#8221;https:\/\/www.mocamonster.it\/test\/wp-content\/uploads\/2024\/03\/ristorante_harena.jpg&#8221; global_colors_info=&#8221;{}&#8221;][et_pb_row _builder_version=&#8221;4.23.1&#8243; _module_preset=&#8221;default&#8221; global_colors_info=&#8221;{}&#8221;][et_pb_column type=&#8221;4_4&#8243; _builder_version=&#8221;4.23.1&#8243; _module_preset=&#8221;default&#8221; global_colors_info=&#8221;{}&#8221;][et_pb_text _builder_version=&#8221;4.23.1&#8243; _module_preset=&#8221;default&#8221; text_font=&#8221;Montserrat|600|||||||&#8221; text_text_color=&#8221;#f2e6d6&#8243; text_font_size=&#8221;16px&#8221; text_orientation=&#8221;center&#8221; global_colors_info=&#8221;{}&#8221;]<\/p>\n<p>La nostra filosofia culinaria si basa sull&#8217;utilizzo di ingredienti di altissima qualit\u00e0, selezionati con cura per garantire un&#8217;esperienza gastronomica senza paragoni. La nostra cucina \u00e8 rinomata per la sua fusione di sapori innovativi e tradizionali e per la creazione di piatti unici.<\/p>\n<p>Specializzati nella preparazione della carne, ci impegniamo a offrire ai nostri ospiti tagli pregiati e cucinati alla perfezione, con un&#8217;attenzione particolare alla freschezza e alla provenienza. Ogni boccone \u00e8 un&#8217;esplosione di gusto e tenerezza che ti garantisce un&#8217;esperienza culinaria indimenticabile.<\/p>\n<p>&nbsp;<\/p>\n<p>[\/et_pb_text][\/et_pb_column][\/et_pb_row][et_pb_row column_structure=&#8221;3_5,2_5&#8243; use_custom_gutter=&#8221;on&#8221; gutter_width=&#8221;2&#8243; make_equal=&#8221;on&#8221; _builder_version=&#8221;4.23.1&#8243; _module_preset=&#8221;default&#8221; width=&#8221;84%&#8221; max_width=&#8221;2560px&#8221; global_colors_info=&#8221;{}&#8221;][et_pb_column type=&#8221;3_5&#8243; _builder_version=&#8221;4.23.1&#8243; _module_preset=&#8221;default&#8221; global_colors_info=&#8221;{}&#8221;][et_pb_image src=&#8221;https:\/\/www.mocamonster.it\/test\/wp-content\/uploads\/2024\/04\/bar_harena-sanbenedetto.jpg&#8221; title_text=&#8221;bar_harena-sanbenedetto&#8221; _builder_version=&#8221;4.23.1&#8243; _module_preset=&#8221;default&#8221; global_colors_info=&#8221;{}&#8221;][\/et_pb_image][\/et_pb_column][et_pb_column type=&#8221;2_5&#8243; _builder_version=&#8221;4.23.1&#8243; _module_preset=&#8221;default&#8221; global_colors_info=&#8221;{}&#8221;][et_pb_text _builder_version=&#8221;4.23.1&#8243; _module_preset=&#8221;default&#8221; text_font=&#8221;Aboreto|700|||||||&#8221; text_text_color=&#8221;#f2e6d6&#8243; text_font_size=&#8221;50px&#8221; text_orientation=&#8221;center&#8221; custom_padding=&#8221;118px|||||&#8221; text_font_size_tablet=&#8221;50px&#8221; text_font_size_phone=&#8221;40px&#8221; text_font_size_last_edited=&#8221;on|phone&#8221; global_colors_info=&#8221;{}&#8221;]<\/p>\n<p>b\u0101r<\/p>\n<p>[\/et_pb_text][et_pb_text _builder_version=&#8221;4.23.1&#8243; _module_preset=&#8221;default&#8221; text_font=&#8221;Montserrat|600|||||||&#8221; text_text_color=&#8221;#f2e6d6&#8243; text_font_size=&#8221;16px&#8221; text_orientation=&#8221;center&#8221; min_height=&#8221;118.7px&#8221; custom_padding=&#8221;13px|||||&#8221; global_colors_info=&#8221;{}&#8221;]<\/p>\n<p>Il nostro impegno per la qualit\u00e0 si estende anche al nostro servizio impeccabile. Il nostro team dedicato \u00e8 sempre pronto ad accogliervi con un sorriso caloroso e a soddisfare ogni vostra esigenza, garantendo un&#8217;esperienza di dining e drinking senza eguali.<\/p>\n<p>Venite a scoprire il lusso e il piacere di un buon drink presso il bar di Harena. Siamo pronti ad accogliervi e a deliziarvi con un&#8217;esperienza indimenticabile.<\/p>\n<p>&nbsp;<\/p>\n<p>[\/et_pb_text][\/et_pb_column][\/et_pb_row][et_pb_row use_custom_gutter=&#8221;on&#8221; _builder_version=&#8221;4.23.1&#8243; _module_preset=&#8221;default&#8221; max_width=&#8221;2560px&#8221; global_colors_info=&#8221;{}&#8221;][et_pb_column type=&#8221;4_4&#8243; _builder_version=&#8221;4.23.1&#8243; _module_preset=&#8221;default&#8221; global_colors_info=&#8221;{}&#8221;][dsm_image_carousel gallery_ids=&#8221;239,240,244,241,242,243,245,247&#8243; sizes=&#8221;medium_large&#8221; speed=&#8221;8000&#8243; space_between=&#8221;50&#8243; infinite_smooth_scrolling=&#8221;on&#8221; touch_move=&#8221;on&#8221; _builder_version=&#8221;4.23.1&#8243; _module_preset=&#8221;default&#8221; global_colors_info=&#8221;{}&#8221;][\/dsm_image_carousel][\/et_pb_column][\/et_pb_row][et_pb_row column_structure=&#8221;1_2,1_2&#8243; use_custom_gutter=&#8221;on&#8221; gutter_width=&#8221;1&#8243; make_equal=&#8221;on&#8221; _builder_version=&#8221;4.23.1&#8243; _module_preset=&#8221;default&#8221; width=&#8221;100%&#8221; max_width=&#8221;2560px&#8221; custom_padding=&#8221;1px||0px|||&#8221; locked=&#8221;off&#8221; global_colors_info=&#8221;{}&#8221;][et_pb_column type=&#8221;1_2&#8243; _builder_version=&#8221;4.23.1&#8243; _module_preset=&#8221;default&#8221; global_colors_info=&#8221;{}&#8221;][et_pb_code _builder_version=&#8221;4.23.1&#8243; _module_preset=&#8221;default&#8221; global_colors_info=&#8221;{}&#8221;]<video autoplay=\"autoplay\" loop=\"loop\" playsinline  muted defaultMuted oncontextmenu=\"return false;\" preload=\"auto\" id=\"myVideo\" ><!-- [et_pb_line_break_holder] --><source src=\"https:\/\/www.mocamonster.it\/test\/wp-content\/uploads\/2024\/03\/we_business-lunch.mp4\" type=\"video\/mp4\"><!-- [et_pb_line_break_holder] --><\/video>[\/et_pb_code][\/et_pb_column][et_pb_column type=&#8221;1_2&#8243; _builder_version=&#8221;4.23.1&#8243; _module_preset=&#8221;default&#8221; background_enable_color=&#8221;off&#8221; background_image=&#8221;https:\/\/www.mocamonster.it\/test\/wp-content\/uploads\/2024\/03\/sfondo_cantina-min.png&#8221; global_colors_info=&#8221;{}&#8221;][et_pb_cta title=&#8221;business lunch&#8221; button_url=&#8221;https:\/\/api.whatsapp.com\/send?phone=3394288646&#038;text=salve,%20vorrei%20prenotare%20un%20tavolo&#8221; url_new_window=&#8221;on&#8221; button_text=&#8221;prenota ora il tuo tavolo&#8221; _builder_version=&#8221;4.23.1&#8243; _module_preset=&#8221;default&#8221; header_font=&#8221;Aboreto|700|||||||&#8221; header_text_color=&#8221;#f2e6d6&#8243; header_font_size=&#8221;50px&#8221; body_font=&#8221;Montserrat||||||||&#8221; body_text_color=&#8221;#f2e6d6&#8243; body_font_size=&#8221;16px&#8221; body_line_height=&#8221;1.9em&#8221; background_enable_color=&#8221;off&#8221; custom_button=&#8221;on&#8221; button_text_color=&#8221;#1e4e3e&#8221; button_bg_color=&#8221;#f2e6d6&#8243; button_border_width=&#8221;0px&#8221; button_font=&#8221;Montserrat|600||on|||||&#8221; custom_margin=&#8221;0px||||false|false&#8221; custom_padding=&#8221;17.9%||17.9%||true|false&#8221; hover_enabled=&#8221;0&#8243; header_font_size_tablet=&#8221;50px&#8221; header_font_size_phone=&#8221;40px&#8221; header_font_size_last_edited=&#8221;on|phone&#8221; locked=&#8221;off&#8221; global_colors_info=&#8221;{}&#8221; link_option_url_new_window=&#8221;on&#8221; sticky_enabled=&#8221;0&#8243;]<\/p>\n<p>Crediamo che anche durante la pausa pranzo i lavoratori meritino di gustare piatti prelibati e raffinati, senza dover rinunciare alla qualit\u00e0. Il nostro Business Lunch \u00e8 appositamente progettato per offrire un&#8217;esperienza culinaria di livello superiore, con menu pensati per soddisfare ogni gusto e ogni esigenza.<\/p>\n<p>I nostri chef esperti preparano con cura una selezione di piatti deliziosi, utilizzando ingredienti freschi e di altissima qualit\u00e0. Che tu sia un appassionato di carne, un amante del pesce o un seguace della cucina vegetariana, troverai sempre opzioni deliziose e nutrienti nel nostro menu Business Lunch.<\/p>\n<p>[\/et_pb_cta][\/et_pb_column][\/et_pb_row][et_pb_row column_structure=&#8221;1_2,1_2&#8243; use_custom_gutter=&#8221;on&#8221; gutter_width=&#8221;2&#8243; make_equal=&#8221;on&#8221; _builder_version=&#8221;4.23.1&#8243; _module_preset=&#8221;default&#8221; width=&#8221;84%&#8221; max_width=&#8221;2560px&#8221; global_colors_info=&#8221;{}&#8221;][et_pb_column type=&#8221;1_2&#8243; _builder_version=&#8221;4.23.1&#8243; _module_preset=&#8221;default&#8221; global_colors_info=&#8221;{}&#8221;][et_pb_cta title=&#8221;fitness lunch&#8221; button_url=&#8221;https:\/\/api.whatsapp.com\/send?phone=3394288646&#038;text=salve,%20vorrei%20prenotare%20un%20tavolo&#8221; button_text=&#8221;prenota ora il tuo tavolo&#8221; _builder_version=&#8221;4.23.1&#8243; _module_preset=&#8221;default&#8221; header_font=&#8221;Aboreto|700|||||||&#8221; header_text_color=&#8221;#f2e6d6&#8243; header_font_size=&#8221;50px&#8221; body_font=&#8221;Montserrat||||||||&#8221; body_text_color=&#8221;#f2e6d6&#8243; body_font_size=&#8221;16px&#8221; body_line_height=&#8221;1.9em&#8221; background_enable_color=&#8221;off&#8221; custom_button=&#8221;on&#8221; button_text_color=&#8221;#1e4e3e&#8221; button_bg_color=&#8221;#f2e6d6&#8243; button_border_width=&#8221;0px&#8221; button_font=&#8221;Montserrat|600||on|||||&#8221; custom_margin=&#8221;0px||||false|false&#8221; custom_padding=&#8221;7.9%|0px|7.9%|0px|true|false&#8221; link_option_url_new_window=&#8221;on&#8221; hover_enabled=&#8221;0&#8243; header_font_size_tablet=&#8221;50px&#8221; header_font_size_phone=&#8221;40px&#8221; header_font_size_last_edited=&#8221;on|phone&#8221; locked=&#8221;off&#8221; global_colors_info=&#8221;{}&#8221; sticky_enabled=&#8221;0&#8243;]<\/p>\n<p>Cercate un&#8217;opzione sana e nutriente per il vostro pranzo? Benvenuti al Fitness Lunch di Harena, dove l&#8217;alta qualit\u00e0 e il benessere si incontrano per offrirvi un pasto che soddisfi le vostre esigenze nutrizionali senza sacrificare il gusto. Disponibile tutti i giorni.<\/p>\n<p>In Harena crediamo che la salute sia una priorit\u00e0, anche durante i pasti. Il nostro Fitness Lunch \u00e8 appositamente progettato per offrire un piatto che non solo soddisfi i vostri gusti, ma che supporti anche il vostro benessere generale.<\/p>\n<p>[\/et_pb_cta][\/et_pb_column][et_pb_column type=&#8221;1_2&#8243; _builder_version=&#8221;4.23.1&#8243; _module_preset=&#8221;default&#8221; global_colors_info=&#8221;{}&#8221;][et_pb_image src=&#8221;https:\/\/www.mocamonster.it\/test\/wp-content\/uploads\/2024\/03\/fitness_lunch-scaled.jpg&#8221; title_text=&#8221;fitness_lunch&#8221; _builder_version=&#8221;4.23.1&#8243; _module_preset=&#8221;default&#8221; global_colors_info=&#8221;{}&#8221;][\/et_pb_image][\/et_pb_column][\/et_pb_row][\/et_pb_section]<\/p>\n","protected":false},"excerpt":{"rendered":"<p>Ogni piatto \u00e8 un&#8217;esperienza unica!La nostra filosofia culinaria si basa sull&#8217;utilizzo di ingredienti di altissima qualit\u00e0, selezionati con cura per garantire un&#8217;esperienza gastronomica senza paragoni. La nostra cucina \u00e8 rinomata per la sua fusione di sapori innovativi e tradizionali e per la creazione di piatti unici. Specializzati nella preparazione della carne, ci impegniamo a offrire ai nostri ospiti tagli pregiati e cucinati alla perfezione, con un&#8217;attenzione particolare alla freschezza e alla provenienza. Ogni boccone \u00e8 un&#8217;esplosione di gusto e tenerezza che ti garantisce un&#8217;esperienza culinaria indimenticabile. &nbsp;b\u0101rIl nostro impegno per la qualit\u00e0 si estende anche al nostro servizio impeccabile. Il nostro team dedicato \u00e8 sempre pronto ad accogliervi con un sorriso caloroso e a soddisfare ogni vostra esigenza, garantendo un&#8217;esperienza di dining e drinking senza eguali. Venite a scoprire il lusso e il piacere di un buon drink presso il bar di Harena. Siamo pronti ad accogliervi e a deliziarvi con un&#8217;esperienza indimenticabile. &nbsp;<div class=\"et_pb_module dsm_image_carousel dsm_image_carousel_0 dsm_image_carousel_arrow_outside dsm_image_carousel_arrow_mobile_inside dsm_image_carousel_infinite_scroll\">\n\t\t\t\t\n\t\t\t\t\n\t\t\t\t\n\t\t\t\t\n\t\t\t\t\n\t\t\t\t\n\t\t\t\t<div class=\"et_pb_module_inner\">\n\t\t\t\t\t<div class=\"swiper-container dsm_image_carousel_container  dsm_image_carousel_carousel\" dir=\"ltr\"data-effect=\"default\"\n\t\t\tdata-slider-effect-shadows=\"false\"\n\t\t\tdata-slider-effect-coverflow-rotate=\"30\"\n\t\t\tdata-slider-effect-coverflow-depth=\"0\"\n\t\t\tdata-loop=\"true\"\n\t\t\tdata-slide-to-show=\"4\"\n\t\t\tdata-slide-to-show-tablet=\"1\"\n\t\t\tdata-slide-to-show-phone=\"1\"\n\t\t\tdata-slide-to-scroll=\"1\"\n\t\t\tdata-slide-to-scroll-tablet=\"1\"\n\t\t\tdata-slide-to-scroll-phone=\"1\"\n\t\t\tdata-space-between=\"50\"\n\t\t\tdata-space-between-tablet=\"50\"\n\t\t\tdata-space-between-phone=\"50\"\n\t\t\tdata-slide-row=\"1\"\n\t\t\tdata-centered-slides=\"false\"\n\t\t\tdata-speed=\"8000\"\n\t\t\tdata-autoplay=\"true\"\n\t\t\tdata-autoplay-speed=\"3000\"\n\t\t\tdata-touch-move=\"false\"\n\t\t\tdata-grab=\"true\"\n\t\t\tdata-pause-on-hover=\"false\"\n\t\t\tdata-show-lightbox=\"false\"\n\t\t\tdata-lightbox-gallery=\"false\"\n\t\t\tdata-lightbox-caption=\"false\"\n\t\t\tdata-infinite-scrolling=\"true\"\n\t\t\tdata-slide-row-tablet=\"1\"\n\t\t\tdata-slide-row-phone=\"1\"\n\t\t\tdata-autoplay-viewport=80%\n\t\t\tdata-mousewheel=\"false\"\n\t\t\tdata-lazyload=\"false\"\n\t\t\tdata-type=\"carousel\"\n\t\t\tdata-slideshow-effect=\"default\"\n\t\t\tdata-slideshow-to-show=\"4\"\n\t\t\tdata-slideshow-to-show-tablet=\"4\"\n\t\t\tdata-slideshow-to-show-phone=\"\"\n\t\t\tdata-slider-orientation=\"horizontal\"\n\t\t\t><div class=\"swiper-wrapper\"><div class=\"swiper-slide dsm_image_carousel_item\"><img loading=\"lazy\" decoding=\"async\" src=\"https:\/\/www.mocamonster.it\/test\/wp-content\/uploads\/2024\/03\/08-768x768.jpg\" alt=\"\" title=\"08\" width=\"768\" height=\"768\" data-dsm-image-description=\"\" class=\" skip-lazy\" \/><\/div><div class=\"swiper-slide dsm_image_carousel_item\"><img loading=\"lazy\" decoding=\"async\" src=\"https:\/\/www.mocamonster.it\/test\/wp-content\/uploads\/2024\/03\/07-768x768.jpg\" alt=\"\" title=\"07\" width=\"768\" height=\"768\" data-dsm-image-description=\"\" class=\" skip-lazy\" \/><\/div><div class=\"swiper-slide dsm_image_carousel_item\"><img loading=\"lazy\" decoding=\"async\" src=\"https:\/\/www.mocamonster.it\/test\/wp-content\/uploads\/2024\/03\/03-768x768.jpg\" alt=\"\" title=\"03\" width=\"768\" height=\"768\" data-dsm-image-description=\"\" class=\" skip-lazy\" \/><\/div><div class=\"swiper-slide dsm_image_carousel_item\"><img loading=\"lazy\" decoding=\"async\" src=\"https:\/\/www.mocamonster.it\/test\/wp-content\/uploads\/2024\/03\/06-768x768.jpg\" alt=\"\" title=\"06\" width=\"768\" height=\"768\" data-dsm-image-description=\"\" class=\" skip-lazy\" \/><\/div><div class=\"swiper-slide dsm_image_carousel_item\"><img loading=\"lazy\" decoding=\"async\" src=\"https:\/\/www.mocamonster.it\/test\/wp-content\/uploads\/2024\/03\/05-768x768.jpg\" alt=\"\" title=\"05\" width=\"768\" height=\"768\" data-dsm-image-description=\"\" class=\" skip-lazy\" \/><\/div><div class=\"swiper-slide dsm_image_carousel_item\"><img loading=\"lazy\" decoding=\"async\" src=\"https:\/\/www.mocamonster.it\/test\/wp-content\/uploads\/2024\/03\/04-768x768.jpg\" alt=\"\" title=\"04\" width=\"768\" height=\"768\" data-dsm-image-description=\"\" class=\" skip-lazy\" \/><\/div><div class=\"swiper-slide dsm_image_carousel_item\"><img loading=\"lazy\" decoding=\"async\" src=\"https:\/\/www.mocamonster.it\/test\/wp-content\/uploads\/2024\/03\/02-768x768.jpg\" alt=\"\" title=\"02\" width=\"768\" height=\"768\" data-dsm-image-description=\"\" class=\" skip-lazy\" \/><\/div><div class=\"swiper-slide dsm_image_carousel_item\"><img loading=\"lazy\" decoding=\"async\" src=\"https:\/\/www.mocamonster.it\/test\/wp-content\/uploads\/2024\/03\/01-768x768.jpg\" alt=\"\" title=\"01\" width=\"768\" height=\"768\" data-dsm-image-description=\"\" class=\" skip-lazy\" \/><\/div><\/div><\/div>\n\t\t\t\t<\/div>\n\t\t\t<\/div>Crediamo che anche durante la pausa pranzo i lavoratori meritino di gustare piatti prelibati e raffinati, senza dover rinunciare alla qualit\u00e0. Il nostro Business Lunch \u00e8 appositamente progettato per offrire un&#8217;esperienza culinaria di livello superiore, con menu pensati [&hellip;]<\/p>\n","protected":false},"author":1,"featured_media":0,"parent":0,"menu_order":0,"comment_status":"closed","ping_status":"closed","template":"","meta":{"_et_pb_use_builder":"on","_et_pb_old_content":"","_et_gb_content_width":"","footnotes":""},"class_list":["post-54","page","type-page","status-publish","hentry"],"yoast_head":"<!-- This site is optimized with the Yoast SEO plugin v22.6 - https:\/\/yoast.com\/wordpress\/plugins\/seo\/ -->\n<title>ristorante - Harena<\/title>\n<meta name=\"robots\" content=\"noindex, follow, max-snippet:-1, max-image-preview:large, max-video-preview:-1\" \/>\n<meta property=\"og:locale\" content=\"it_IT\" \/>\n<meta property=\"og:type\" content=\"article\" \/>\n<meta property=\"og:title\" content=\"ristorante - Harena\" \/>\n<meta property=\"og:description\" content=\"Ogni piatto \u00e8 un&#039;esperienza unica!La nostra filosofia culinaria si basa sull&#039;utilizzo di ingredienti di altissima qualit\u00e0, selezionati con cura per garantire un&#039;esperienza gastronomica senza paragoni. La nostra cucina \u00e8 rinomata per la sua fusione di sapori innovativi e tradizionali e per la creazione di piatti unici. Specializzati nella preparazione della carne, ci impegniamo a offrire ai nostri ospiti tagli pregiati e cucinati alla perfezione, con un&#039;attenzione particolare alla freschezza e alla provenienza. Ogni boccone \u00e8 un&#039;esplosione di gusto e tenerezza che ti garantisce un&#039;esperienza culinaria indimenticabile. &nbsp;b\u0101rIl nostro impegno per la qualit\u00e0 si estende anche al nostro servizio impeccabile. Il nostro team dedicato \u00e8 sempre pronto ad accogliervi con un sorriso caloroso e a soddisfare ogni vostra esigenza, garantendo un&#039;esperienza di dining e drinking senza eguali. Venite a scoprire il lusso e il piacere di un buon drink presso il bar di Harena. Siamo pronti ad accogliervi e a deliziarvi con un&#039;esperienza indimenticabile. &nbsp;Crediamo che anche durante la pausa pranzo i lavoratori meritino di gustare piatti prelibati e raffinati, senza dover rinunciare alla qualit\u00e0. Il nostro Business Lunch \u00e8 appositamente progettato per offrire un&#039;esperienza culinaria di livello superiore, con menu pensati [&hellip;]\" \/>\n<meta property=\"og:url\" content=\"https:\/\/www.mocamonster.it\/test\/ristorante\/\" \/>\n<meta property=\"og:site_name\" content=\"Harena\" \/>\n<meta property=\"article:modified_time\" content=\"2024-04-29T10:43:25+00:00\" \/>\n<meta name=\"twitter:card\" content=\"summary_large_image\" \/>\n<meta name=\"twitter:label1\" content=\"Tempo di lettura stimato\" \/>\n\t<meta name=\"twitter:data1\" content=\"7 minuti\" \/>\n<script type=\"application\/ld+json\" class=\"yoast-schema-graph\">{\"@context\":\"https:\/\/schema.org\",\"@graph\":[{\"@type\":\"WebPage\",\"@id\":\"https:\/\/www.mocamonster.it\/test\/ristorante\/\",\"url\":\"https:\/\/www.mocamonster.it\/test\/ristorante\/\",\"name\":\"ristorante - Harena\",\"isPartOf\":{\"@id\":\"https:\/\/www.mocamonster.it\/test\/#website\"},\"datePublished\":\"2024-03-11T09:11:41+00:00\",\"dateModified\":\"2024-04-29T10:43:25+00:00\",\"breadcrumb\":{\"@id\":\"https:\/\/www.mocamonster.it\/test\/ristorante\/#breadcrumb\"},\"inLanguage\":\"it-IT\",\"potentialAction\":[{\"@type\":\"ReadAction\",\"target\":[\"https:\/\/www.mocamonster.it\/test\/ristorante\/\"]}]},{\"@type\":\"BreadcrumbList\",\"@id\":\"https:\/\/www.mocamonster.it\/test\/ristorante\/#breadcrumb\",\"itemListElement\":[{\"@type\":\"ListItem\",\"position\":1,\"name\":\"Home\",\"item\":\"https:\/\/www.mocamonster.it\/test\/\"},{\"@type\":\"ListItem\",\"position\":2,\"name\":\"ristorante\"}]},{\"@type\":\"WebSite\",\"@id\":\"https:\/\/www.mocamonster.it\/test\/#website\",\"url\":\"https:\/\/www.mocamonster.it\/test\/\",\"name\":\"Harena\",\"description\":\"Un&#039;infinit\u00e0 di sapori\",\"potentialAction\":[{\"@type\":\"SearchAction\",\"target\":{\"@type\":\"EntryPoint\",\"urlTemplate\":\"https:\/\/www.mocamonster.it\/test\/?s={search_term_string}\"},\"query-input\":\"required name=search_term_string\"}],\"inLanguage\":\"it-IT\"}]}<\/script>\n<!-- \/ Yoast SEO plugin. -->","yoast_head_json":{"title":"ristorante - Harena","robots":{"index":"noindex","follow":"follow","max-snippet":"max-snippet:-1","max-image-preview":"max-image-preview:large","max-video-preview":"max-video-preview:-1"},"og_locale":"it_IT","og_type":"article","og_title":"ristorante - Harena","og_description":"Ogni piatto \u00e8 un'esperienza unica!La nostra filosofia culinaria si basa sull'utilizzo di ingredienti di altissima qualit\u00e0, selezionati con cura per garantire un'esperienza gastronomica senza paragoni. La nostra cucina \u00e8 rinomata per la sua fusione di sapori innovativi e tradizionali e per la creazione di piatti unici. Specializzati nella preparazione della carne, ci impegniamo a offrire ai nostri ospiti tagli pregiati e cucinati alla perfezione, con un'attenzione particolare alla freschezza e alla provenienza. Ogni boccone \u00e8 un'esplosione di gusto e tenerezza che ti garantisce un'esperienza culinaria indimenticabile. &nbsp;b\u0101rIl nostro impegno per la qualit\u00e0 si estende anche al nostro servizio impeccabile. Il nostro team dedicato \u00e8 sempre pronto ad accogliervi con un sorriso caloroso e a soddisfare ogni vostra esigenza, garantendo un'esperienza di dining e drinking senza eguali. Venite a scoprire il lusso e il piacere di un buon drink presso il bar di Harena. Siamo pronti ad accogliervi e a deliziarvi con un'esperienza indimenticabile. &nbsp;Crediamo che anche durante la pausa pranzo i lavoratori meritino di gustare piatti prelibati e raffinati, senza dover rinunciare alla qualit\u00e0. Il nostro Business Lunch \u00e8 appositamente progettato per offrire un'esperienza culinaria di livello superiore, con menu pensati [&hellip;]","og_url":"https:\/\/www.mocamonster.it\/test\/ristorante\/","og_site_name":"Harena","article_modified_time":"2024-04-29T10:43:25+00:00","twitter_card":"summary_large_image","twitter_misc":{"Tempo di lettura stimato":"7 minuti"},"schema":{"@context":"https:\/\/schema.org","@graph":[{"@type":"WebPage","@id":"https:\/\/www.mocamonster.it\/test\/ristorante\/","url":"https:\/\/www.mocamonster.it\/test\/ristorante\/","name":"ristorante - Harena","isPartOf":{"@id":"https:\/\/www.mocamonster.it\/test\/#website"},"datePublished":"2024-03-11T09:11:41+00:00","dateModified":"2024-04-29T10:43:25+00:00","breadcrumb":{"@id":"https:\/\/www.mocamonster.it\/test\/ristorante\/#breadcrumb"},"inLanguage":"it-IT","potentialAction":[{"@type":"ReadAction","target":["https:\/\/www.mocamonster.it\/test\/ristorante\/"]}]},{"@type":"BreadcrumbList","@id":"https:\/\/www.mocamonster.it\/test\/ristorante\/#breadcrumb","itemListElement":[{"@type":"ListItem","position":1,"name":"Home","item":"https:\/\/www.mocamonster.it\/test\/"},{"@type":"ListItem","position":2,"name":"ristorante"}]},{"@type":"WebSite","@id":"https:\/\/www.mocamonster.it\/test\/#website","url":"https:\/\/www.mocamonster.it\/test\/","name":"Harena","description":"Un&#039;infinit\u00e0 di sapori","potentialAction":[{"@type":"SearchAction","target":{"@type":"EntryPoint","urlTemplate":"https:\/\/www.mocamonster.it\/test\/?s={search_term_string}"},"query-input":"required name=search_term_string"}],"inLanguage":"it-IT"}]}},"_links":{"self":[{"href":"https:\/\/www.mocamonster.it\/test\/wp-json\/wp\/v2\/pages\/54","targetHints":{"allow":["GET"]}}],"collection":[{"href":"https:\/\/www.mocamonster.it\/test\/wp-json\/wp\/v2\/pages"}],"about":[{"href":"https:\/\/www.mocamonster.it\/test\/wp-json\/wp\/v2\/types\/page"}],"author":[{"embeddable":true,"href":"https:\/\/www.mocamonster.it\/test\/wp-json\/wp\/v2\/users\/1"}],"replies":[{"embeddable":true,"href":"https:\/\/www.mocamonster.it\/test\/wp-json\/wp\/v2\/comments?post=54"}],"version-history":[{"count":54,"href":"https:\/\/www.mocamonster.it\/test\/wp-json\/wp\/v2\/pages\/54\/revisions"}],"predecessor-version":[{"id":537,"href":"https:\/\/www.mocamonster.it\/test\/wp-json\/wp\/v2\/pages\/54\/revisions\/537"}],"wp:attachment":[{"href":"https:\/\/www.mocamonster.it\/test\/wp-json\/wp\/v2\/media?parent=54"}],"curies":[{"name":"wp","href":"https:\/\/api.w.org\/{rel}","templated":true}]}}